{"id":1978,"date":"2018-04-08T21:48:31","date_gmt":"2018-04-08T19:48:31","guid":{"rendered":"https:\/\/www.libreriaantiquariapiemontese.it\/prodotto\/il-giardiniero-francese-overo-trattato-del-tagliare-gli-alberi-da-frutto-con-la-maniera-di-ben-allevarli-trasportato-dal-francese-cavate-da-monsu-della-quintinye-come-pure-accresciuto-in-quest\/"},"modified":"2018-04-08T21:48:31","modified_gmt":"2018-04-08T19:48:31","slug":"il-giardiniero-francese-overo-trattato-del-tagliare-gli-alberi-da-frutto-con-la-maniera-di-ben-allevarli-trasportato-dal-francese-cavate-da-monsu-della-quintinye-come-pure-accresciuto-in-quest","status":"publish","type":"product","link":"https:\/\/www.libreriaantiquariapiemontese.it\/en\/product\/il-giardiniero-francese-overo-trattato-del-tagliare-gli-alberi-da-frutto-con-la-maniera-di-ben-allevarli-trasportato-dal-francese-cavate-da-monsu-della-quintinye-come-pure-accresciuto-in-quest\/","title":{"rendered":"Il Giardiniero francese, overo trattato del tagliare gli alberi da frutto. Con la maniera di ben allevarli, trasportato dal francese. Cavate da Mons\u00f9 della Quintiny\u00e9&#8230;, come pure accresciuto in questa seconda edizione della Istruzione per la coltura de&#8217; fiori dello stesso Mons\u00f9 della Quintini\u00e9."},"content":{"rendered":"<p>&nbsp;<\/p>\n","protected":false},"excerpt":{"rendered":"<p>&nbsp;<\/p>\n","protected":false},"featured_media":1413,"template":"","meta":[],"yoast_head":"<!-- This site is optimized with the Yoast SEO plugin v16.2 - https:\/\/yoast.com\/wordpress\/plugins\/seo\/ -->\n<title>Il Giardiniero francese, overo trattato del tagliare gli alberi da frutto. Con la maniera di ben allevarli, trasportato dal francese. Cavate da Mons\u00f9 della Quintiny\u00e9..., come pure accresciuto in questa seconda edizione della Istruzione per la coltura de&#039; fiori dello stesso Mons\u00f9 della Quintini\u00e9. - Libreria Antiquaria Piemontese<\/title>\n<meta name=\"robots\" content=\"index, follow, max-snippet:-1, max-image-preview:large, max-video-preview:-1\" \/>\n<link rel=\"canonical\" href=\"https:\/\/www.libreriaantiquariapiemontese.it\/en\/product\/il-giardiniero-francese-overo-trattato-del-tagliare-gli-alberi-da-frutto-con-la-maniera-di-ben-allevarli-trasportato-dal-francese-cavate-da-monsu-della-quintinye-come-pure-accresciuto-in-quest\/\" \/>\n<meta property=\"og:locale\" content=\"en_US\" \/>\n<meta property=\"og:type\" content=\"article\" \/>\n<meta property=\"og:title\" content=\"Il Giardiniero francese, overo trattato del tagliare gli alberi da frutto. Con la maniera di ben allevarli, trasportato dal francese. Cavate da Mons\u00f9 della Quintiny\u00e9..., come pure accresciuto in questa seconda edizione della Istruzione per la coltura de&#039; fiori dello stesso Mons\u00f9 della Quintini\u00e9. - Libreria Antiquaria Piemontese\" \/>\n<meta property=\"og:description\" content=\"&nbsp;\" \/>\n<meta property=\"og:url\" content=\"https:\/\/www.libreriaantiquariapiemontese.it\/en\/product\/il-giardiniero-francese-overo-trattato-del-tagliare-gli-alberi-da-frutto-con-la-maniera-di-ben-allevarli-trasportato-dal-francese-cavate-da-monsu-della-quintinye-come-pure-accresciuto-in-quest\/\" \/>\n<meta property=\"og:site_name\" content=\"Libreria Antiquaria Piemontese\" \/>\n<meta property=\"og:image\" content=\"https:\/\/www.libreriaantiquariapiemontese.it\/wp-content\/uploads\/2018\/04\/678.jpg\" \/>\n\t<meta property=\"og:image:width\" content=\"1094\" \/>\n\t<meta property=\"og:image:height\" content=\"785\" \/>\n<meta name=\"twitter:card\" content=\"summary_large_image\" \/>\n<script type=\"application\/ld+json\" class=\"yoast-schema-graph\">{\"@context\":\"https:\/\/schema.org\",\"@graph\":[{\"@type\":\"WebSite\",\"@id\":\"https:\/\/www.libreriaantiquariapiemontese.it\/#website\",\"url\":\"https:\/\/www.libreriaantiquariapiemontese.it\/\",\"name\":\"Libreria Antiquaria Piemontese\",\"description\":\"Libri Antichi\",\"potentialAction\":[{\"@type\":\"SearchAction\",\"target\":\"https:\/\/www.libreriaantiquariapiemontese.it\/?s={search_term_string}\",\"query-input\":\"required name=search_term_string\"}],\"inLanguage\":\"en-US\"},{\"@type\":\"ImageObject\",\"@id\":\"https:\/\/www.libreriaantiquariapiemontese.it\/en\/product\/il-giardiniero-francese-overo-trattato-del-tagliare-gli-alberi-da-frutto-con-la-maniera-di-ben-allevarli-trasportato-dal-francese-cavate-da-monsu-della-quintinye-come-pure-accresciuto-in-quest\/#primaryimage\",\"inLanguage\":\"en-US\",\"url\":\"https:\/\/www.libreriaantiquariapiemontese.it\/wp-content\/uploads\/2018\/04\/678.jpg\",\"contentUrl\":\"https:\/\/www.libreriaantiquariapiemontese.it\/wp-content\/uploads\/2018\/04\/678.jpg\",\"width\":1094,\"height\":785},{\"@type\":\"WebPage\",\"@id\":\"https:\/\/www.libreriaantiquariapiemontese.it\/en\/product\/il-giardiniero-francese-overo-trattato-del-tagliare-gli-alberi-da-frutto-con-la-maniera-di-ben-allevarli-trasportato-dal-francese-cavate-da-monsu-della-quintinye-come-pure-accresciuto-in-quest\/#webpage\",\"url\":\"https:\/\/www.libreriaantiquariapiemontese.it\/en\/product\/il-giardiniero-francese-overo-trattato-del-tagliare-gli-alberi-da-frutto-con-la-maniera-di-ben-allevarli-trasportato-dal-francese-cavate-da-monsu-della-quintinye-come-pure-accresciuto-in-quest\/\",\"name\":\"Il Giardiniero francese, overo trattato del tagliare gli alberi da frutto. Con la maniera di ben allevarli, trasportato dal francese. Cavate da Mons\\u00f9 della Quintiny\\u00e9..., come pure accresciuto in questa seconda edizione della Istruzione per la coltura de' fiori dello stesso Mons\\u00f9 della Quintini\\u00e9. - Libreria Antiquaria Piemontese\",\"isPartOf\":{\"@id\":\"https:\/\/www.libreriaantiquariapiemontese.it\/#website\"},\"primaryImageOfPage\":{\"@id\":\"https:\/\/www.libreriaantiquariapiemontese.it\/en\/product\/il-giardiniero-francese-overo-trattato-del-tagliare-gli-alberi-da-frutto-con-la-maniera-di-ben-allevarli-trasportato-dal-francese-cavate-da-monsu-della-quintinye-come-pure-accresciuto-in-quest\/#primaryimage\"},\"datePublished\":\"2018-04-08T19:48:31+00:00\",\"dateModified\":\"2018-04-08T19:48:31+00:00\",\"breadcrumb\":{\"@id\":\"https:\/\/www.libreriaantiquariapiemontese.it\/en\/product\/il-giardiniero-francese-overo-trattato-del-tagliare-gli-alberi-da-frutto-con-la-maniera-di-ben-allevarli-trasportato-dal-francese-cavate-da-monsu-della-quintinye-come-pure-accresciuto-in-quest\/#breadcrumb\"},\"inLanguage\":\"en-US\",\"potentialAction\":[{\"@type\":\"ReadAction\",\"target\":[\"https:\/\/www.libreriaantiquariapiemontese.it\/en\/product\/il-giardiniero-francese-overo-trattato-del-tagliare-gli-alberi-da-frutto-con-la-maniera-di-ben-allevarli-trasportato-dal-francese-cavate-da-monsu-della-quintinye-come-pure-accresciuto-in-quest\/\"]}]},{\"@type\":\"BreadcrumbList\",\"@id\":\"https:\/\/www.libreriaantiquariapiemontese.it\/en\/product\/il-giardiniero-francese-overo-trattato-del-tagliare-gli-alberi-da-frutto-con-la-maniera-di-ben-allevarli-trasportato-dal-francese-cavate-da-monsu-della-quintinye-come-pure-accresciuto-in-quest\/#breadcrumb\",\"itemListElement\":[{\"@type\":\"ListItem\",\"position\":1,\"item\":{\"@type\":\"WebPage\",\"@id\":\"https:\/\/www.libreriaantiquariapiemontese.it\/en\/\",\"url\":\"https:\/\/www.libreriaantiquariapiemontese.it\/en\/\",\"name\":\"Home\"}},{\"@type\":\"ListItem\",\"position\":2,\"item\":{\"@type\":\"WebPage\",\"@id\":\"https:\/\/www.libreriaantiquariapiemontese.it\/en\/shop\/\",\"url\":\"https:\/\/www.libreriaantiquariapiemontese.it\/en\/shop\/\",\"name\":\"Shop\"}},{\"@type\":\"ListItem\",\"position\":3,\"item\":{\"@id\":\"https:\/\/www.libreriaantiquariapiemontese.it\/en\/product\/il-giardiniero-francese-overo-trattato-del-tagliare-gli-alberi-da-frutto-con-la-maniera-di-ben-allevarli-trasportato-dal-francese-cavate-da-monsu-della-quintinye-come-pure-accresciuto-in-quest\/#webpage\"}}]}]}<\/script>\n<!-- \/ Yoast SEO plugin. -->","_links":{"self":[{"href":"https:\/\/www.libreriaantiquariapiemontese.it\/en\/wp-json\/wp\/v2\/product\/1978"}],"collection":[{"href":"https:\/\/www.libreriaantiquariapiemontese.it\/en\/wp-json\/wp\/v2\/product"}],"about":[{"href":"https:\/\/www.libreriaantiquariapiemontese.it\/en\/wp-json\/wp\/v2\/types\/product"}],"wp:featuredmedia":[{"embeddable":true,"href":"https:\/\/www.libreriaantiquariapiemontese.it\/en\/wp-json\/wp\/v2\/media\/1413"}],"wp:attachment":[{"href":"https:\/\/www.libreriaantiquariapiemontese.it\/en\/wp-json\/wp\/v2\/media?parent=1978"}],"curies":[{"name":"wp","href":"https:\/\/api.w.org\/{rel}","templated":true}]}}