{"id":1980,"date":"2018-04-08T21:48:43","date_gmt":"2018-04-08T19:48:43","guid":{"rendered":"https:\/\/www.libreriaantiquariapiemontese.it\/prodotto\/trattato-del-r-padre-giorgio-scherer-theologo-della-compagnia-di-giesu-nel-quale-con-verissime-ragioni-prova-non-esser-vero-che-gia-sia-stato-in-roma-una-donna-pontefice-tradotto-dalla-lingua-te\/"},"modified":"2018-04-08T21:48:43","modified_gmt":"2018-04-08T19:48:43","slug":"trattato-del-r-padre-giorgio-scherer-theologo-della-compagnia-di-giesu-nel-quale-con-verissime-ragioni-prova-non-esser-vero-che-gia-sia-stato-in-roma-una-donna-pontefice-tradotto-dalla-lingua-te","status":"publish","type":"product","link":"https:\/\/www.libreriaantiquariapiemontese.it\/en\/product\/trattato-del-r-padre-giorgio-scherer-theologo-della-compagnia-di-giesu-nel-quale-con-verissime-ragioni-prova-non-esser-vero-che-gia-sia-stato-in-roma-una-donna-pontefice-tradotto-dalla-lingua-te\/","title":{"rendered":"Trattato del R. Padre Giorgio Scherer theologo della Compagnia di Gies\u00f9 &#8230; nel quale con verissime ragioni prova non esser vero che gi\u00e0 sia stato in Roma una Donna Pontefice. Tradotto dalla lingua Tedesca nell&#8217;Italiana da Nicol\u00f2 Piero.."},"content":{"rendered":"<p>&nbsp;<\/p>\n","protected":false},"excerpt":{"rendered":"<p>&nbsp;<\/p>\n","protected":false},"featured_media":1337,"template":"","meta":[],"yoast_head":"<!-- This site is optimized with the Yoast SEO plugin v16.2 - https:\/\/yoast.com\/wordpress\/plugins\/seo\/ -->\n<title>Trattato del R. Padre Giorgio Scherer theologo della Compagnia di Gies\u00f9 ... nel quale con verissime ragioni prova non esser vero che gi\u00e0 sia stato in Roma una Donna Pontefice. Tradotto dalla lingua Tedesca nell&#039;Italiana da Nicol\u00f2 Piero.. - Libreria Antiquaria Piemontese<\/title>\n<meta name=\"robots\" content=\"index, follow, max-snippet:-1, max-image-preview:large, max-video-preview:-1\" \/>\n<link rel=\"canonical\" href=\"https:\/\/www.libreriaantiquariapiemontese.it\/en\/product\/trattato-del-r-padre-giorgio-scherer-theologo-della-compagnia-di-giesu-nel-quale-con-verissime-ragioni-prova-non-esser-vero-che-gia-sia-stato-in-roma-una-donna-pontefice-tradotto-dalla-lingua-te\/\" \/>\n<meta property=\"og:locale\" content=\"en_US\" \/>\n<meta property=\"og:type\" content=\"article\" \/>\n<meta property=\"og:title\" content=\"Trattato del R. Padre Giorgio Scherer theologo della Compagnia di Gies\u00f9 ... nel quale con verissime ragioni prova non esser vero che gi\u00e0 sia stato in Roma una Donna Pontefice. Tradotto dalla lingua Tedesca nell&#039;Italiana da Nicol\u00f2 Piero.. - Libreria Antiquaria Piemontese\" \/>\n<meta property=\"og:description\" content=\"&nbsp;\" \/>\n<meta property=\"og:url\" content=\"https:\/\/www.libreriaantiquariapiemontese.it\/en\/product\/trattato-del-r-padre-giorgio-scherer-theologo-della-compagnia-di-giesu-nel-quale-con-verissime-ragioni-prova-non-esser-vero-che-gia-sia-stato-in-roma-una-donna-pontefice-tradotto-dalla-lingua-te\/\" \/>\n<meta property=\"og:site_name\" content=\"Libreria Antiquaria Piemontese\" \/>\n<meta property=\"og:image\" content=\"https:\/\/www.libreriaantiquariapiemontese.it\/wp-content\/uploads\/2018\/04\/389-1.jpg\" \/>\n\t<meta property=\"og:image:width\" content=\"509\" \/>\n\t<meta property=\"og:image:height\" content=\"961\" \/>\n<meta name=\"twitter:card\" content=\"summary_large_image\" \/>\n<script type=\"application\/ld+json\" class=\"yoast-schema-graph\">{\"@context\":\"https:\/\/schema.org\",\"@graph\":[{\"@type\":\"WebSite\",\"@id\":\"https:\/\/www.libreriaantiquariapiemontese.it\/#website\",\"url\":\"https:\/\/www.libreriaantiquariapiemontese.it\/\",\"name\":\"Libreria Antiquaria Piemontese\",\"description\":\"Libri Antichi\",\"potentialAction\":[{\"@type\":\"SearchAction\",\"target\":\"https:\/\/www.libreriaantiquariapiemontese.it\/?s={search_term_string}\",\"query-input\":\"required name=search_term_string\"}],\"inLanguage\":\"en-US\"},{\"@type\":\"ImageObject\",\"@id\":\"https:\/\/www.libreriaantiquariapiemontese.it\/en\/product\/trattato-del-r-padre-giorgio-scherer-theologo-della-compagnia-di-giesu-nel-quale-con-verissime-ragioni-prova-non-esser-vero-che-gia-sia-stato-in-roma-una-donna-pontefice-tradotto-dalla-lingua-te\/#primaryimage\",\"inLanguage\":\"en-US\",\"url\":\"https:\/\/www.libreriaantiquariapiemontese.it\/wp-content\/uploads\/2018\/04\/389-1.jpg\",\"contentUrl\":\"https:\/\/www.libreriaantiquariapiemontese.it\/wp-content\/uploads\/2018\/04\/389-1.jpg\",\"width\":509,\"height\":961},{\"@type\":\"WebPage\",\"@id\":\"https:\/\/www.libreriaantiquariapiemontese.it\/en\/product\/trattato-del-r-padre-giorgio-scherer-theologo-della-compagnia-di-giesu-nel-quale-con-verissime-ragioni-prova-non-esser-vero-che-gia-sia-stato-in-roma-una-donna-pontefice-tradotto-dalla-lingua-te\/#webpage\",\"url\":\"https:\/\/www.libreriaantiquariapiemontese.it\/en\/product\/trattato-del-r-padre-giorgio-scherer-theologo-della-compagnia-di-giesu-nel-quale-con-verissime-ragioni-prova-non-esser-vero-che-gia-sia-stato-in-roma-una-donna-pontefice-tradotto-dalla-lingua-te\/\",\"name\":\"Trattato del R. Padre Giorgio Scherer theologo della Compagnia di Gies\\u00f9 ... nel quale con verissime ragioni prova non esser vero che gi\\u00e0 sia stato in Roma una Donna Pontefice. Tradotto dalla lingua Tedesca nell'Italiana da Nicol\\u00f2 Piero.. - Libreria Antiquaria Piemontese\",\"isPartOf\":{\"@id\":\"https:\/\/www.libreriaantiquariapiemontese.it\/#website\"},\"primaryImageOfPage\":{\"@id\":\"https:\/\/www.libreriaantiquariapiemontese.it\/en\/product\/trattato-del-r-padre-giorgio-scherer-theologo-della-compagnia-di-giesu-nel-quale-con-verissime-ragioni-prova-non-esser-vero-che-gia-sia-stato-in-roma-una-donna-pontefice-tradotto-dalla-lingua-te\/#primaryimage\"},\"datePublished\":\"2018-04-08T19:48:43+00:00\",\"dateModified\":\"2018-04-08T19:48:43+00:00\",\"breadcrumb\":{\"@id\":\"https:\/\/www.libreriaantiquariapiemontese.it\/en\/product\/trattato-del-r-padre-giorgio-scherer-theologo-della-compagnia-di-giesu-nel-quale-con-verissime-ragioni-prova-non-esser-vero-che-gia-sia-stato-in-roma-una-donna-pontefice-tradotto-dalla-lingua-te\/#breadcrumb\"},\"inLanguage\":\"en-US\",\"potentialAction\":[{\"@type\":\"ReadAction\",\"target\":[\"https:\/\/www.libreriaantiquariapiemontese.it\/en\/product\/trattato-del-r-padre-giorgio-scherer-theologo-della-compagnia-di-giesu-nel-quale-con-verissime-ragioni-prova-non-esser-vero-che-gia-sia-stato-in-roma-una-donna-pontefice-tradotto-dalla-lingua-te\/\"]}]},{\"@type\":\"BreadcrumbList\",\"@id\":\"https:\/\/www.libreriaantiquariapiemontese.it\/en\/product\/trattato-del-r-padre-giorgio-scherer-theologo-della-compagnia-di-giesu-nel-quale-con-verissime-ragioni-prova-non-esser-vero-che-gia-sia-stato-in-roma-una-donna-pontefice-tradotto-dalla-lingua-te\/#breadcrumb\",\"itemListElement\":[{\"@type\":\"ListItem\",\"position\":1,\"item\":{\"@type\":\"WebPage\",\"@id\":\"https:\/\/www.libreriaantiquariapiemontese.it\/en\/\",\"url\":\"https:\/\/www.libreriaantiquariapiemontese.it\/en\/\",\"name\":\"Home\"}},{\"@type\":\"ListItem\",\"position\":2,\"item\":{\"@type\":\"WebPage\",\"@id\":\"https:\/\/www.libreriaantiquariapiemontese.it\/en\/shop\/\",\"url\":\"https:\/\/www.libreriaantiquariapiemontese.it\/en\/shop\/\",\"name\":\"Shop\"}},{\"@type\":\"ListItem\",\"position\":3,\"item\":{\"@id\":\"https:\/\/www.libreriaantiquariapiemontese.it\/en\/product\/trattato-del-r-padre-giorgio-scherer-theologo-della-compagnia-di-giesu-nel-quale-con-verissime-ragioni-prova-non-esser-vero-che-gia-sia-stato-in-roma-una-donna-pontefice-tradotto-dalla-lingua-te\/#webpage\"}}]}]}<\/script>\n<!-- \/ Yoast SEO plugin. -->","_links":{"self":[{"href":"https:\/\/www.libreriaantiquariapiemontese.it\/en\/wp-json\/wp\/v2\/product\/1980"}],"collection":[{"href":"https:\/\/www.libreriaantiquariapiemontese.it\/en\/wp-json\/wp\/v2\/product"}],"about":[{"href":"https:\/\/www.libreriaantiquariapiemontese.it\/en\/wp-json\/wp\/v2\/types\/product"}],"wp:featuredmedia":[{"embeddable":true,"href":"https:\/\/www.libreriaantiquariapiemontese.it\/en\/wp-json\/wp\/v2\/media\/1337"}],"wp:attachment":[{"href":"https:\/\/www.libreriaantiquariapiemontese.it\/en\/wp-json\/wp\/v2\/media?parent=1980"}],"curies":[{"name":"wp","href":"https:\/\/api.w.org\/{rel}","templated":true}]}}